{"id":2519,"date":"2024-11-22T17:04:57","date_gmt":"2024-11-22T16:04:57","guid":{"rendered":"https:\/\/www.misioneslarioja.org\/?page_id=2519"},"modified":"2026-03-17T23:11:39","modified_gmt":"2026-03-17T22:11:39","slug":"proyecto-de-primera-comunion-2024-2025","status":"publish","type":"page","link":"https:\/\/www.misioneslarioja.org\/index.php\/proyecto-1a-comunion\/proyecto-de-primera-comunion-2024-2025\/","title":{"rendered":"Proyecto de Primera Comuni\u00f3n 2025-2026"},"content":{"rendered":"\n<figure class=\"wp-block-image size-full\"><img fetchpriority=\"high\" decoding=\"async\" width=\"1810\" height=\"2560\" src=\"https:\/\/www.misioneslarioja.org\/wp-content\/uploads\/2026\/03\/00-a-Cartel-Proyecto-Primera-Comunion-2025-base-scaled.jpg\" alt=\"\" class=\"wp-image-3894\" srcset=\"https:\/\/www.misioneslarioja.org\/wp-content\/uploads\/2026\/03\/00-a-Cartel-Proyecto-Primera-Comunion-2025-base-scaled.jpg 1810w, https:\/\/www.misioneslarioja.org\/wp-content\/uploads\/2026\/03\/00-a-Cartel-Proyecto-Primera-Comunion-2025-base-212x300.jpg 212w, https:\/\/www.misioneslarioja.org\/wp-content\/uploads\/2026\/03\/00-a-Cartel-Proyecto-Primera-Comunion-2025-base-724x1024.jpg 724w, https:\/\/www.misioneslarioja.org\/wp-content\/uploads\/2026\/03\/00-a-Cartel-Proyecto-Primera-Comunion-2025-base-768x1086.jpg 768w, https:\/\/www.misioneslarioja.org\/wp-content\/uploads\/2026\/03\/00-a-Cartel-Proyecto-Primera-Comunion-2025-base-1086x1536.jpg 1086w, https:\/\/www.misioneslarioja.org\/wp-content\/uploads\/2026\/03\/00-a-Cartel-Proyecto-Primera-Comunion-2025-base-1448x2048.jpg 1448w\" sizes=\"(max-width: 1810px) 100vw, 1810px\" \/><\/figure>\n\n\n\n<p class=\"has-black-color has-text-color has-link-color wp-elements-5aa306df3dfed33212429a315ea4ebba\" style=\"font-size:15px\">Desde el a\u00f1o 2007 nuestra Di\u00f3cesis secunda el Proyecto de Primera Comuni\u00f3n: \u201cLos ni\u00f1os de Primera Comuni\u00f3n comparten sus bienes\u201d. Desde la Delegaci\u00f3n de Misiones y el Secretariado de Catequesis se invita a los ni\u00f1os, que hacen su primera comuni\u00f3n, a la solidaridad con la generosidad de compartir de sus bienes por otros ni\u00f1os m\u00e1s necesitados y hacerles presentes a nuestros misioneros riojanos, anunciadores de Jes\u00fas y las manos que hacen posible la ayuda de su generosidad, con este Proyecto de Primera Comuni\u00f3n.<\/p>\n\n\n\n<p class=\"has-black-color has-text-color has-link-color wp-elements-de0839bc4747c05cc6dc9f9142f92733\" style=\"font-size:15px\">A cada proyecto se les asigna dos cursos. En los dieciocho a\u00f1os de esta iniciativa solidaria y misionera se han ayudado a 9 proyectos, todos en el continente africano y como responsable a llevar a cabo los proyectos a tres misioneras y a seis misioneros riojanos. Estos nueve proyectos se han centrado en facilitar la escolarizaci\u00f3n y la alimentaci\u00f3n de ni\u00f1os, en la construcci\u00f3n de escuelas y guarder\u00edas, en la ayuda a ni\u00f1os de la calle y ni\u00f1os albinos. Anualmente unas 40 parroquias riojanas, como media, se suman al Proyecto de Primera Comuni\u00f3n. La recaudaci\u00f3n y ayuda enviada para estos 9 proyectos ha sido de unos 30.000 \u20ac por proyecto.<\/p>\n\n\n\n<p class=\"has-black-color has-text-color has-link-color wp-elements-e1c13c4820c547ac1c2160ef8f8d74a2\" style=\"font-size:15px\">Este curso 2024-2025 y el pr\u00f3ximo 2025-2026 la ayuda del Proyecto de Primera Comuni\u00f3n ser\u00e1 enviada a Guatemala y destinada a facilitar las consultas m\u00e9dicas, terapias ocupacionales, educativas y f\u00edsicas de los ni\u00f1os con discapacidad a trav\u00e9s de la asociaci\u00f3n \u00ab A MI REY \u00bb, fundada hace dos a\u00f1os ante la realidad y sufrimiento de muchas familias con ni\u00f1os con capacidades diferentes y que necesitan de apoyo econ\u00f3mico para la situaci\u00f3n de sus hijos y el acompa\u00f1amiento humano y asesoramiento de esta realidad en sus hogares.<\/p>\n\n\n\n<p class=\"has-black-color has-text-color has-link-color wp-elements-75092813122ed71b761907812b00e980\" style=\"font-size:15px\">La misionera a llevar a cabo el proyecto es Mari\u00e1ngeles Molina Marzo, natural de Calahorra, laica de la Sociedad del Divino Salvador (familia de los salvatorianos) con una labor de formaci\u00f3n, acompa\u00f1amiento y promoci\u00f3n social en parroquias y poblaciones donde vive desde hace 18 a\u00f1os en distintas localidades guatemaltecas, y desde hace dos a\u00f1os en la localidad de San Sebasti\u00e1n donde fund\u00f3 esta asociaci\u00f3n dedicada a los ni\u00f1os con discapacidad.<\/p>\n\n\n\n<p class=\"has-black-color has-text-color has-link-color wp-elements-5fa785c6a29edd1a3e91bfc59f1f764e\" style=\"font-size:15px\">La Delegaci\u00f3n de Misiones y el Secretariado de Catequesis han confeccionado un material para animar a ni\u00f1os, catequistas, padres y sacerdotes a respaldar este nuevo Proyecto de Primera Comuni\u00f3n:<br>Para padres, catequistas y sacerdotes, se ha publicado un d\u00edptico para informarles y animar al proyecto a sus ni\u00f1os.<br>El material de los ni\u00f1os consta de una hucha para colorear y montar, que entregar\u00e1n en el d\u00eda de su primera comuni\u00f3n, y un cuento donde se presenta a Mar\u00edangeles de vuelta de sus vacaciones y como en su viaje de regreso tiene la oportunidad de entablar una larga conversaci\u00f3n con su compa\u00f1era de viaje donde le comparte la alegr\u00eda de ayudar y conocer a 30 reyes. Marl\u00e9n, su compa\u00f1era de viaje, quedar\u00e1 impresionada con la historia de eso reyes y con el deseo de ayudar a la misionera en su labor, sum\u00e1ndose a la promesa de los ni\u00f1os de la Primera Comuni\u00f3n de La Rioja, que tambi\u00e9n quieren ayudar a Mari\u00e1ngeles en la asociaci\u00f3n A MI REY.<\/p>\n\n\n\n<p class=\"has-black-color has-text-color has-link-color wp-elements-5e7db5eb17234bdf56958759072373a5\" style=\"font-size:15px\">Desde la Delegaci\u00f3n de Misiones y el Secretariado de Catequesis invitamos a todas las parroquias y colegios con primeras comuniones a secundar este Proyecto como acto de sinodalidad en nuestra Iglesia local que camina en La Rioja.<\/p>\n\n\n\n<p class=\"has-black-color has-text-color has-link-color wp-elements-cd831b63dc594980a0810736338fff4e\" style=\"font-size:14px\">Delegacion de Misiones y Secretariado de Catequesis<\/p>\n\n\n\n<div id=\"section-g-1vwn3n6\" class=\"wp-block-gutentor-e6 section-g-1vwn3n6 gutentor-element gutentor-element-image\"><div class=\"gutentor-element-image-box\"><div class=\"gutentor-image-thumb\"><img decoding=\"async\" class=\"normal-image\" src=\"https:\/\/www.misioneslarioja.org\/wp-content\/uploads\/2026\/03\/01-Cuento-Portada-A-mi-rey.tiff\"\/><\/div><\/div><\/div>\n\n\n\n<section id=\"section-g-b3oyw8w\" class=\"wp-block-gutentor-divider section-g-b3oyw8w gutentor-element gutentor-section gutentor-divider text-center\"><div class=\"grid-container\"><div class=\"gutentor-divider-box\"><span><svg xmlns=\"http:\/\/www.w3.org\/2000\/svg\" viewBox=\"0 0 240 40\" preserveAspectRatio=\"none\"><path d=\"M123.3 20.9l-2.4 2.4c-.5.5-1.4.5-1.9 0l-2.4-2.4c-.5-.5-.5-1.4 0-1.9l2.4-2.4c.5-.5 1.4-.5 1.9 0l2.4 2.4c.5.6.5 1.4 0 1.9z\"><\/path><path d=\"M169.2 20.8H70.8c-.4 0-.8-.3-.8-.8 0-.4.3-.8.8-.8h98.5c.4 0 .8.3.8.8-.1.4-.4.8-.9.8z\"><\/path><\/svg><\/span><\/div><\/div><\/section>\n\n\n\n<div id=\"section-g518ae6\" class=\"wp-block-gutentor-e0 section-g518ae6 gutentor-element gutentor-element-advanced-text\"><div class=\"gutentor-text-wrap\"><h4 class=\"gutentor-text\">Si quieres puedes contactara con la Delegacion de Misiones<\/h4><\/div><\/div>\n\n\n<div class=\"wp-block-jetpack-contact-form\"><a href=\"https:\/\/www.misioneslarioja.org\/index.php\/proyecto-1a-comunion\/proyecto-de-primera-comunion-2024-2025\/\" target=\"_blank\" rel=\"noopener noreferrer\">Env\u00eda un formulario.<\/a><\/div>\n\n\n<p><\/p>\n","protected":false},"excerpt":{"rendered":"<p>Desde el a\u00f1o 2007 nuestra Di\u00f3cesis secunda el Proyecto de Primera Comuni\u00f3n: \u201cLos ni\u00f1os de Primera Comuni\u00f3n comparten sus bienes\u201d. Desde la Delegaci\u00f3n de Misiones y el Secretariado de Catequesis se invita a los ni\u00f1os, que hacen su primera comuni\u00f3n, a la solidaridad con la generosidad de compartir de sus bienes por otros ni\u00f1os m\u00e1s&hellip;<\/p>\n","protected":false},"author":2,"featured_media":0,"parent":29,"menu_order":0,"comment_status":"closed","ping_status":"closed","template":"","meta":{"_themeisle_gutenberg_block_has_review":false,"footnotes":""},"class_list":["post-2519","page","type-page","status-publish","hentry"],"jetpack_sharing_enabled":true,"_links":{"self":[{"href":"https:\/\/www.misioneslarioja.org\/index.php\/wp-json\/wp\/v2\/pages\/2519","targetHints":{"allow":["GET"]}}],"collection":[{"href":"https:\/\/www.misioneslarioja.org\/index.php\/wp-json\/wp\/v2\/pages"}],"about":[{"href":"https:\/\/www.misioneslarioja.org\/index.php\/wp-json\/wp\/v2\/types\/page"}],"author":[{"embeddable":true,"href":"https:\/\/www.misioneslarioja.org\/index.php\/wp-json\/wp\/v2\/users\/2"}],"replies":[{"embeddable":true,"href":"https:\/\/www.misioneslarioja.org\/index.php\/wp-json\/wp\/v2\/comments?post=2519"}],"version-history":[{"count":43,"href":"https:\/\/www.misioneslarioja.org\/index.php\/wp-json\/wp\/v2\/pages\/2519\/revisions"}],"predecessor-version":[{"id":3898,"href":"https:\/\/www.misioneslarioja.org\/index.php\/wp-json\/wp\/v2\/pages\/2519\/revisions\/3898"}],"up":[{"embeddable":true,"href":"https:\/\/www.misioneslarioja.org\/index.php\/wp-json\/wp\/v2\/pages\/29"}],"wp:attachment":[{"href":"https:\/\/www.misioneslarioja.org\/index.php\/wp-json\/wp\/v2\/media?parent=2519"}],"curies":[{"name":"wp","href":"https:\/\/api.w.org\/{rel}","templated":true}]}}