{"id":37,"date":"2022-01-28T14:09:40","date_gmt":"2022-01-28T13:09:40","guid":{"rendered":"https:\/\/www.misioneslarioja.org\/?page_id=37"},"modified":"2023-08-23T10:34:38","modified_gmt":"2023-08-23T08:34:38","slug":"memoria-anual","status":"publish","type":"page","link":"https:\/\/www.misioneslarioja.org\/index.php\/memoria-anual\/","title":{"rendered":"Memoria anual"},"content":{"rendered":"\n<section id=\"gma090a62\" class=\"wp-block-gutentor-m4 section-gma090a62 gutentor-module gutentor-advanced-columns\"><div class=\"grid-container\"><div class=\"grid-row\">\n<div id=\"col-gmd55c4a\" class=\"wp-block-gutentor-m4-col col-gmd55c4a gutentor-single-column  grid-lg-6 grid-md-12 grid-12\"><div id=\"section-gmd55c4a\" class=\"section-gmd55c4a gutentor-col-wrap\">\n<div id=\"section-g7d4ae2\" class=\"wp-block-gutentor-e0 section-g7d4ae2 gutentor-element gutentor-element-advanced-text\"><div class=\"gutentor-text-wrap\"><p class=\"gutentor-text\"><span style=\"color:#0693e3\" class=\"tadv-color\">La <strong>Memoria Anual <\/strong>es la rese\u00f1a anual de las actividades de la Delegaci\u00f3n y el reflejo de las colectas y donativos recibidos de las parroquias, comunidades , instituciones y particulares para las Obras Misionales Pontificias y la Delegaci\u00f3n para los misioneros riojanos.<br><br>Esta publicaci\u00f3n se env\u00eda las parroquias y comunidades en le mes de julio coincidiendo con la Jornada de los Misioneros Diocesanos.<\/span><\/p><\/div><\/div>\n<\/div><\/div>\n\n\n\n<div id=\"col-gm409918\" class=\"wp-block-gutentor-m4-col col-gm409918 gutentor-single-column  grid-lg-6 grid-md-12 grid-12\"><div id=\"section-gm409918\" class=\"section-gm409918 gutentor-col-wrap\">\n<div id=\"section-gb7e652\" class=\"wp-block-gutentor-e6 section-gb7e652 gutentor-element gutentor-element-image\"><div class=\"gutentor-element-image-box\"><a class=\"gutentor-element-image-link\" href=\"https:\/\/www.dropbox.com\/scl\/fi\/tfi2dqls1vvqivduup2bt\/Memoria-Anual-Misiones-2022.pdf?rlkey=9dumhkuwpcm3qoc96itcwh5db&amp;dl=0\" target=\"_blank\" rel=\"noopener noreferrer\"><div class=\"gutentor-image-thumb\"><img decoding=\"async\" class=\"normal-image\" src=\"https:\/\/www.misioneslarioja.org\/wp-content\/uploads\/2023\/08\/Memoria-portada-2022.jpg\"\/><\/div><\/a><\/div><\/div>\n<\/div><\/div>\n<\/div><\/div><\/section>\n\n\n\n<div class=\"wp-block-columns is-layout-flex wp-container-core-columns-is-layout-9d6595d7 wp-block-columns-is-layout-flex\"><\/div>\n\n\n\n<div id=\"gm9865389\" class=\"wp-block-gutentor-m1 section-gm9865389 gutentor-module gutentor-element-button-group g-btn-horizontal-d g-btn-horizontal-t g-btn-horizontal-m\"><div class=\"gutentor-element-button-group-wrap\">\n<div id=\"section-g23b0cf\" class=\"wp-block-gutentor-e2 section-g23b0cf gutentor-element gutentor-element-button\"><span class=\"gutentor-button-wrap\"><a class=\"gutentor-button gutentor-block-button gutentor-icon-before\" href=\"https:\/\/www.dropbox.com\/scl\/fi\/tfi2dqls1vvqivduup2bt\/Memoria-Anual-Misiones-2022.pdf?rlkey=9dumhkuwpcm3qoc96itcwh5db&amp;dl=0\" target=\"_blank\" rel=\"noopener noreferrer\"><i class=\"gutentor-button-icon far fa-circle\"><\/i><span>Memoria 2022<\/span><\/a><\/span><\/div>\n\n\n\n<div id=\"section-gf51955\" class=\"wp-block-gutentor-e2 section-gf51955 gutentor-element gutentor-element-button\"><span class=\"gutentor-button-wrap\"><a class=\"gutentor-button gutentor-block-button gutentor-icon-before\" href=\"https:\/\/www.dropbox.com\/scl\/fi\/10adot44ot9iduouo1kb2\/Memoria-Anual-Misiones-2021.pdf?rlkey=rtrhrxlg2fdlp6se4zxegee53&amp;dl=0\" target=\"_blank\" rel=\"noopener noreferrer\"><i class=\"gutentor-button-icon far fa-circle\"><\/i><span>Memoria 2021<\/span><\/a><\/span><\/div>\n\n\n\n<div id=\"section-gc84434\" class=\"wp-block-gutentor-e2 section-gc84434 gutentor-element gutentor-element-button\"><span class=\"gutentor-button-wrap\"><a class=\"gutentor-button gutentor-block-button gutentor-icon-before\" href=\"https:\/\/www.dropbox.com\/s\/w2hfm4wekc60vr0\/Memoria%20Anual%20Misiones%202020%20.pdf?dl=0\" target=\"_blank\" rel=\"noopener noreferrer\"><i class=\"gutentor-button-icon far fa-circle\"><\/i><span>Memoria 2020<\/span><\/a><\/span><\/div>\n\n\n\n<div id=\"section-g96da7c\" class=\"wp-block-gutentor-e2 section-g96da7c gutentor-element gutentor-element-button\"><span class=\"gutentor-button-wrap\"><a class=\"gutentor-button gutentor-block-button gutentor-icon-before\" href=\"https:\/\/www.dropbox.com\/s\/id0iph4s0xq8r6t\/Memoria%20Anual%20Misiones%202019.pdf?dl=0\" target=\"_blank\" rel=\"noopener noreferrer\"><i class=\"gutentor-button-icon far fa-circle\"><\/i><span>Memoria 2019<\/span><\/a><\/span><\/div>\n\n\n\n<div id=\"section-g025d52\" class=\"wp-block-gutentor-e2 section-g025d52 gutentor-element gutentor-element-button\"><span class=\"gutentor-button-wrap\"><a class=\"gutentor-button gutentor-block-button gutentor-icon-before\" href=\"\/\/www.dropbox.com\/s\/skn5i9vucyjs9ay\/Memoria%20Anual%20Misiones%202018.pdf?dl=0\" target=\"_blank\" rel=\"noopener noreferrer\"><i class=\"gutentor-button-icon far fa-circle\"><\/i><span>Memoria 2018<\/span><\/a><\/span><\/div>\n<\/div><\/div>\n\n\n\n<p><\/p>\n","protected":false},"excerpt":{"rendered":"","protected":false},"author":2,"featured_media":0,"parent":0,"menu_order":0,"comment_status":"closed","ping_status":"closed","template":"","meta":{"_themeisle_gutenberg_block_has_review":false,"footnotes":""},"class_list":["post-37","page","type-page","status-publish","hentry"],"jetpack_sharing_enabled":true,"_links":{"self":[{"href":"https:\/\/www.misioneslarioja.org\/index.php\/wp-json\/wp\/v2\/pages\/37","targetHints":{"allow":["GET"]}}],"collection":[{"href":"https:\/\/www.misioneslarioja.org\/index.php\/wp-json\/wp\/v2\/pages"}],"about":[{"href":"https:\/\/www.misioneslarioja.org\/index.php\/wp-json\/wp\/v2\/types\/page"}],"author":[{"embeddable":true,"href":"https:\/\/www.misioneslarioja.org\/index.php\/wp-json\/wp\/v2\/users\/2"}],"replies":[{"embeddable":true,"href":"https:\/\/www.misioneslarioja.org\/index.php\/wp-json\/wp\/v2\/comments?post=37"}],"version-history":[{"count":64,"href":"https:\/\/www.misioneslarioja.org\/index.php\/wp-json\/wp\/v2\/pages\/37\/revisions"}],"predecessor-version":[{"id":2134,"href":"https:\/\/www.misioneslarioja.org\/index.php\/wp-json\/wp\/v2\/pages\/37\/revisions\/2134"}],"wp:attachment":[{"href":"https:\/\/www.misioneslarioja.org\/index.php\/wp-json\/wp\/v2\/media?parent=37"}],"curies":[{"name":"wp","href":"https:\/\/api.w.org\/{rel}","templated":true}]}}