{"id":3842,"date":"2026-01-09T12:22:24","date_gmt":"2026-01-09T11:22:24","guid":{"rendered":"https:\/\/www.misioneslarioja.org\/?page_id=3842"},"modified":"2026-03-17T22:31:01","modified_gmt":"2026-03-17T21:31:01","slug":"cinemision-2026","status":"publish","type":"page","link":"https:\/\/www.misioneslarioja.org\/index.php\/cinemision-2026\/","title":{"rendered":"FESTIVAL DE LA CANCI\u00d3N MISIONERA 2026"},"content":{"rendered":"\n<div id=\"section-g-eraea2n\" class=\"wp-block-gutentor-e6 section-g-eraea2n gutentor-element gutentor-element-image\"><div class=\"gutentor-element-image-box\"><div class=\"gutentor-image-thumb\"><img decoding=\"async\" class=\"normal-image\" src=\"https:\/\/www.misioneslarioja.org\/wp-content\/uploads\/2026\/03\/01-Cartel-XVIII-Festival-de-la-Cancion-Misionera-scaled.jpg\"\/><\/div><\/div><\/div>\n\n\n\n<div id=\"section-g-uu1uf52\" class=\"wp-block-gutentor-e2 section-g-uu1uf52 gutentor-element gutentor-element-button\"><span class=\"gutentor-button-wrap\"><a class=\"gutentor-button gutentor-block-button gutentor-icon-after\" href=\"https:\/\/www.dropbox.com\/scl\/fi\/b03jtbov5oaw7huv54dbi\/00-Video-Invitaci-n-XXVIII-Festival-2026.mov?rlkey=zq5of6llkkmlah3ivamm1c8i3&amp;dl=0\" target=\"_blank\" rel=\" noopener noreferrer\"><i class=\"gutentor-button-icon fas fa-allergies\"><\/i><span>VIDEO DE ANIMACI\u00d3N AL FESTIVAL<\/span><\/a><\/span><\/div>\n\n\n\n<div id=\"wp-block-themeisle-blocks-button-group-01a8e41d\" class=\"wp-block-themeisle-blocks-button-group wp-block-buttons\">\n<div id=\"wp-block-themeisle-blocks-button-8259a802\" class=\"wp-block-themeisle-blocks-button wp-block-button\"><a href=\"https:\/\/www.dropbox.com\/scl\/fi\/i547odadpmumq0a7a4s9z\/02-Ficha-de-inscripc-n-XXVIII-Festival-de-la-Canci-n-Misionera.pdf?rlkey=js4obg4e9i3azfye3v984tzkv&amp;dl=0\" target=\"_blank\" rel=\"noopener noreferrer\" class=\"wp-block-button__link\"><span>Ficha Inscripci\u00f3n<\/span><\/a><\/div>\n\n\n\n<div id=\"wp-block-themeisle-blocks-button-2a2e3695\" class=\"wp-block-themeisle-blocks-button wp-block-button\"><a href=\"https:\/\/www.dropbox.com\/scl\/fi\/wtt35u0kdg2kzh8zgglfw\/03-Ficha-autorizaci-n-de-participaci-n-e-Im-genes-Festival-Canci-n-Misionera-2026.pdf?rlkey=ljj7enpocr9inq1lus6qv6v6a&amp;dl=0\" target=\"_blank\" rel=\"noopener noreferrer\" class=\"wp-block-button__link\"><span>Ficha de participaci\u00f3n<br>y autorizaci\u00f3n de im\u00e1genes<\/span><\/a><\/div>\n\n\n\n<div id=\"wp-block-themeisle-blocks-button-8a0ada59\" class=\"wp-block-themeisle-blocks-button wp-block-button\"><a href=\"https:\/\/www.dropbox.com\/scl\/fi\/d3308qfgb32o70h0r292u\/04-Ficha-de-representante-para-darto-e-Im-genes-Festival-Canci-n-Misionera-2026.pdf?rlkey=azaredqf6bp0u4pm6u2e446yc&amp;dl=0\" target=\"_blank\" rel=\"noopener noreferrer\" class=\"wp-block-button__link\"><span>Ficha del representante<\/span><\/a><\/div>\n<\/div>\n\n\n\n<h2 class=\"wp-block-heading has-vivid-red-color has-text-color has-link-color wp-elements-48cf2d15110ed04fa38563a24a38fa95\">\u00a1An\u00edmate!<\/h2>\n\n\n\n<p class=\"has-black-color has-text-color has-link-color has-medium-font-size wp-elements-908ae0cffef0e71f92d6b6526689ccfc\"><strong>El objetivo del Festival es la Animaci\u00f3n Misionera<\/strong> en parroquias, colegios, grupos, movimientos\u2026 <strong>No es un festival competitivo<\/strong>, sino un encuentro festivo y misionero. Dado que los grupos son de parroquias, colegios, movimientos\u2026 <strong>pueden participar ni\u00f1os, j\u00f3venes, adultos y familias\u2026<\/strong><\/p>\n\n\n\n<p class=\"has-black-color has-text-color has-link-color has-medium-font-size wp-elements-620a82f3e348cc4ea47e002e58b8c8d9\">De cara a la participaci\u00f3n y organizaci\u00f3n en el Festival os comentamos varias cosas:<\/p>\n\n\n\n<p class=\"has-black-color has-text-color has-link-color has-medium-font-size wp-elements-409ad921c774f80df4e04beef654f597\"><strong>El Festival tiene como referencia la Jornada de la Infancia Misionera, en este a\u00f1o 2025, con el lema: \u00ab\u00a0Comparto lo que tengo\u00a0\u00bb.<\/strong><\/p>\n\n\n\n<p class=\"has-black-color has-text-color has-link-color has-medium-font-size wp-elements-e830c725d0fab52863f379bd3e285767\"><strong>El Grupo.<\/strong><br>De antemano os <strong>agradecemos vuestra participaci\u00f3n y la ilusi\u00f3n<\/strong> que pon\u00e9is en este festival.<\/p>\n\n\n\n<p class=\"has-black-color has-text-color has-link-color has-medium-font-size wp-elements-ef6416b0b22895dca2355ec21ea8efd4\"><br>La Delegaci\u00f3n, organizadora del festival, procurar\u00e1 y har\u00e1 todo lo posible para que este festival sea del agrado de todos, pero <strong>necesitamos de vuestra colaboraci\u00f3n y comprensi\u00f3n, antes y durante el festival.<\/strong><\/p>\n\n\n\n<p class=\"has-black-color has-text-color has-link-color has-medium-font-size wp-elements-43bcc63151cb5e51af2619f655084a5d\"><br>Os pedimos que <strong>hag\u00e1is bien vuestra inscripci\u00f3n, y no la dej\u00e9is para \u00faltima hora<\/strong>.<\/p>\n\n\n\n<p class=\"has-black-color has-text-color has-link-color has-medium-font-size wp-elements-6e05c289f79d67e727e5ec44b9a02d3a\"><br><strong>La participaci\u00f3n de los grupos es para todo el festival<\/strong>, no se ha delimitar \u00fanicamente a su actuaci\u00f3n.<\/p>\n\n\n\n<p class=\"has-black-color has-text-color has-link-color has-medium-font-size wp-elements-b8b47695ef2ca57d8cd47f85122a4452\"><br>La celebraci\u00f3n del festival no se improvisa, <strong>los elementos t\u00e9cnicos de luz y sonidos son contratados y cerrados previo al Festival por la Delegaci\u00f3n<\/strong>.<\/p>\n\n\n\n<p class=\"has-black-color has-text-color has-link-color has-medium-font-size wp-elements-3123f9925e3cabba34a26343d944e2d6\"><br>Se ha de <strong>secundar la indicaciones de uso y seguridad del Ayuntamiento de su Auditorio<\/strong>.<\/p>\n\n\n\n<p class=\"has-black-color has-text-color has-link-color has-medium-font-size wp-elements-b7dd6e3c3508c474c06784cd491a0b3c\"><br><strong>Se solicita la Autorizaci\u00f3n de Im\u00e1genes para que los menores<\/strong> puedan salir en los v\u00eddeos o im\u00e1genes que se realicen para divulgar esta actividad en las redes sociales y en diferentes publicaciones.<\/p>\n\n\n\n<p class=\"has-black-color has-text-color has-link-color has-medium-font-size wp-elements-64d8549d3fbf16b3d7c9342ba6b4066c\"><br><strong>La entrada al festival es gratuita, con invitaci\u00f3n<\/strong>, y que la Delegaci\u00f3n entregar\u00e1 al responsable de cada grupo para su distribuci\u00f3n.<\/p>\n\n\n\n<p class=\"has-black-color has-text-color has-link-color has-medium-font-size wp-elements-78ba5f79766e255fc3fa4b87454abc0a\"><br>Los miembros de<strong> los coros participantes entrar\u00e1n 30 minutos antes, a las 17:30h<\/strong>, los familiares y p\u00fablico despu\u00e9s.<\/p>\n\n\n\n<p class=\"has-black-color has-text-color has-link-color has-medium-font-size wp-elements-8da97b17a387cb5d10c617ce44d9c328\">Muy importante tener <strong>una persona de contacto<\/strong>, que sea esa persona la encargada de contactar con la Delegaci\u00f3n para cualquier cuesti\u00f3n del Festival. Esta persona:<\/p>\n\n\n\n<ul class=\"wp-block-list\">\n<li class=\"has-black-color has-text-color has-link-color has-medium-font-size wp-elements-44b936154d7941dc7ed6b2b1a2cb4f33\">Se ha de responsabilizar de la entrega de la ficha de Inscripci\u00f3n debidamente rellenada.<\/li>\n\n\n\n<li class=\"has-black-color has-text-color has-link-color has-medium-font-size wp-elements-5d3fae1ea2658f0cfebc063abe430256\">Ha de procurar y facilitar a la Delegaci\u00f3n, de cara a la organizaci\u00f3n: Una fotograf\u00eda del coro o grupo de participantes, o en su defecto del edificio del colegio o parroquia (evitar montajes hecho, s\u00f3lo fotograf\u00edas en formato jpg o pdf).<\/li>\n\n\n\n<li class=\"has-black-color has-text-color has-link-color has-medium-font-size wp-elements-e95ae26fd53d39a85e1dd88bab770e82\">Ha de comunicar a la Delegaci\u00f3n cualquier necesidad para la actuaci\u00f3n: pinchar una m\u00fasica, utilizaci\u00f3n de patio de butacas durante la actuaci\u00f3n\u2026 (todo que no sea comunicado con antelaci\u00f3n, en la ficha de inscripci\u00f3n, no podr\u00e1 ser facilitado).<\/li>\n\n\n\n<li class=\"has-black-color has-text-color has-link-color has-medium-font-size wp-elements-f83c3625f7e630514566ca4f23ea40c4\">Entregar\u00e1 en la Delegaci\u00f3n las Autorizaci\u00f3n de Im\u00e1genes de los participantes, previo al festival y a su vez la Delegacion le entregar\u00e1 las Entradas-invitaciones de su grupo para su distribuci\u00f3n.<\/li>\n<\/ul>\n\n\n\n<p class=\"has-black-color has-text-color has-link-color has-medium-font-size wp-elements-79cdcccf547c2051b8c4a633053e29c6\"><strong>La Canci\u00f3n<\/strong>: puede ser <strong>inventada o ya existente con valores misioneros, cristianos, humanos\u2026<\/strong><\/p>\n\n\n\n<p class=\"has-black-color has-text-color has-link-color has-medium-font-size wp-elements-c7519f91720756b1699d44169b7b43b2\"><br>La letra puede hacer <strong>referencia<\/strong> al lema de la <strong>Infancia Misionera, a la vocaci\u00f3n y la labor misionera\u2026<\/strong><\/p>\n\n\n\n<p class=\"has-black-color has-text-color has-link-color has-medium-font-size wp-elements-2da15f8d3d3e62ce6eac66bc8793de9c\"><br>La m\u00fasica puede ser <strong>original, o alguna adaptaci\u00f3n<\/strong>.<\/p>\n\n\n\n<p class=\"has-black-color has-text-color has-link-color has-medium-font-size wp-elements-2faa50e36daa82be24bcc5079891b519\"><br>Es importante que reflej\u00e9is bien en la inscripci\u00f3n los datos que se piden de la canci\u00f3n.<\/p>\n\n\n\n<p class=\"has-black-color has-text-color has-link-color has-medium-font-size wp-elements-8d451cef42522b83bb0d4c67521d9685\"><br>Si quer\u00e9is que en alg\u00fan momento el p\u00fablico cante parte de la canci\u00f3n pod\u00e9is indicarnos qu\u00e9 parte quer\u00e9is que se proyecte para que cante tambi\u00e9n el p\u00fablico.<\/p>\n\n\n\n<p class=\"has-vivid-cyan-blue-color has-text-color has-link-color has-large-font-size wp-elements-ff22b20f9e6b41bf192194ea3d0e2a19\" style=\"text-transform:capitalize\"><strong>C@ntamos con vosotros en este XXVIII Festival de la Canci\u00f3n Misionera.<\/strong><\/p>\n\n\n\n<p><\/p>\n","protected":false},"excerpt":{"rendered":"<p>\u00a1An\u00edmate! El objetivo del Festival es la Animaci\u00f3n Misionera en parroquias, colegios, grupos, movimientos\u2026 No es un festival competitivo, sino un encuentro festivo y misionero. Dado que los grupos son de parroquias, colegios, movimientos\u2026 pueden participar ni\u00f1os, j\u00f3venes, adultos y familias\u2026 De cara a la participaci\u00f3n y organizaci\u00f3n en el Festival os comentamos varias cosas:&hellip;<\/p>\n","protected":false},"author":2,"featured_media":0,"parent":0,"menu_order":0,"comment_status":"closed","ping_status":"closed","template":"","meta":{"_themeisle_gutenberg_block_has_review":false,"footnotes":""},"class_list":["post-3842","page","type-page","status-publish","hentry"],"jetpack_sharing_enabled":true,"_links":{"self":[{"href":"https:\/\/www.misioneslarioja.org\/index.php\/wp-json\/wp\/v2\/pages\/3842","targetHints":{"allow":["GET"]}}],"collection":[{"href":"https:\/\/www.misioneslarioja.org\/index.php\/wp-json\/wp\/v2\/pages"}],"about":[{"href":"https:\/\/www.misioneslarioja.org\/index.php\/wp-json\/wp\/v2\/types\/page"}],"author":[{"embeddable":true,"href":"https:\/\/www.misioneslarioja.org\/index.php\/wp-json\/wp\/v2\/users\/2"}],"replies":[{"embeddable":true,"href":"https:\/\/www.misioneslarioja.org\/index.php\/wp-json\/wp\/v2\/comments?post=3842"}],"version-history":[{"count":10,"href":"https:\/\/www.misioneslarioja.org\/index.php\/wp-json\/wp\/v2\/pages\/3842\/revisions"}],"predecessor-version":[{"id":3893,"href":"https:\/\/www.misioneslarioja.org\/index.php\/wp-json\/wp\/v2\/pages\/3842\/revisions\/3893"}],"wp:attachment":[{"href":"https:\/\/www.misioneslarioja.org\/index.php\/wp-json\/wp\/v2\/media?parent=3842"}],"curies":[{"name":"wp","href":"https:\/\/api.w.org\/{rel}","templated":true}]}}