{"id":84,"date":"2022-01-28T16:43:09","date_gmt":"2022-01-28T15:43:09","guid":{"rendered":"https:\/\/www.misioneslarioja.org\/?page_id=84"},"modified":"2025-01-15T08:54:17","modified_gmt":"2025-01-15T07:54:17","slug":"javierada","status":"publish","type":"page","link":"https:\/\/www.misioneslarioja.org\/index.php\/javierada\/","title":{"rendered":"Javierada"},"content":{"rendered":"\n<p style=\"font-size:18px\">La Javierada es la peregrinaci\u00f3n al Castillo de San Francisco Javier, Patrono de las Misiones.<br><br>Es una llamada a vivir el Evangelio y a sentirnos misioneros en el mundo de hoy como San Francisco Javier.<br><br>Caminar juntos como Iglesia, sentirnos parte de esa gran familia universal, celebrar la fe con el perd\u00f3n y la Eucarist\u00eda en la explanada del Castillo.<br><br>Un d\u00eda para convivir, celebrar, honrar a san Francisco Javier y pedir por los misioneros del mundo entero.<\/p>\n\n\n\n<figure class=\"wp-block-image size-full\"><img fetchpriority=\"high\" decoding=\"async\" width=\"724\" height=\"1024\" src=\"https:\/\/www.misioneslarioja.org\/wp-content\/uploads\/2025\/01\/JAVIERADA-2024-724x1024-1.jpeg\" alt=\"\" class=\"wp-image-2625\" srcset=\"https:\/\/www.misioneslarioja.org\/wp-content\/uploads\/2025\/01\/JAVIERADA-2024-724x1024-1.jpeg 724w, https:\/\/www.misioneslarioja.org\/wp-content\/uploads\/2025\/01\/JAVIERADA-2024-724x1024-1-212x300.jpeg 212w\" sizes=\"(max-width: 724px) 100vw, 724px\" \/><\/figure>\n\n\n\n<figure class=\"wp-block-image size-full\"><img decoding=\"async\" width=\"500\" height=\"706\" src=\"https:\/\/www.misioneslarioja.org\/wp-content\/uploads\/2023\/06\/javierada_23_-generalweb.png\" alt=\"\" class=\"wp-image-1720\" srcset=\"https:\/\/www.misioneslarioja.org\/wp-content\/uploads\/2023\/06\/javierada_23_-generalweb.png 500w, https:\/\/www.misioneslarioja.org\/wp-content\/uploads\/2023\/06\/javierada_23_-generalweb-212x300.png 212w\" sizes=\"(max-width: 500px) 100vw, 500px\" \/><\/figure>\n\n\n\n<div id=\"section-ge5b263\" class=\"wp-block-gutentor-e6 alignfull section-ge5b263 gutentor-element gutentor-element-image\"><div class=\"gutentor-element-image-box\"><div class=\"gutentor-image-thumb\"><img decoding=\"async\" class=\"normal-image\" src=\"https:\/\/www.misioneslarioja.org\/wp-content\/uploads\/2023\/06\/javierada_2023web.jpeg\"\/><\/div><\/div><\/div>\n","protected":false},"excerpt":{"rendered":"<p>La Javierada es la peregrinaci\u00f3n al Castillo de San Francisco Javier, Patrono de las Misiones. Es una llamada a vivir el Evangelio y a sentirnos misioneros en el mundo de hoy como San Francisco Javier. Caminar juntos como Iglesia, sentirnos parte de esa gran familia universal, celebrar la fe con el perd\u00f3n y la Eucarist\u00eda&hellip;<\/p>\n","protected":false},"author":2,"featured_media":1420,"parent":0,"menu_order":0,"comment_status":"closed","ping_status":"closed","template":"","meta":{"_themeisle_gutenberg_block_has_review":false,"footnotes":""},"class_list":["post-84","page","type-page","status-publish","has-post-thumbnail","hentry"],"jetpack_sharing_enabled":true,"_links":{"self":[{"href":"https:\/\/www.misioneslarioja.org\/index.php\/wp-json\/wp\/v2\/pages\/84","targetHints":{"allow":["GET"]}}],"collection":[{"href":"https:\/\/www.misioneslarioja.org\/index.php\/wp-json\/wp\/v2\/pages"}],"about":[{"href":"https:\/\/www.misioneslarioja.org\/index.php\/wp-json\/wp\/v2\/types\/page"}],"author":[{"embeddable":true,"href":"https:\/\/www.misioneslarioja.org\/index.php\/wp-json\/wp\/v2\/users\/2"}],"replies":[{"embeddable":true,"href":"https:\/\/www.misioneslarioja.org\/index.php\/wp-json\/wp\/v2\/comments?post=84"}],"version-history":[{"count":6,"href":"https:\/\/www.misioneslarioja.org\/index.php\/wp-json\/wp\/v2\/pages\/84\/revisions"}],"predecessor-version":[{"id":2626,"href":"https:\/\/www.misioneslarioja.org\/index.php\/wp-json\/wp\/v2\/pages\/84\/revisions\/2626"}],"wp:featuredmedia":[{"embeddable":true,"href":"https:\/\/www.misioneslarioja.org\/index.php\/wp-json\/wp\/v2\/media\/1420"}],"wp:attachment":[{"href":"https:\/\/www.misioneslarioja.org\/index.php\/wp-json\/wp\/v2\/media?parent=84"}],"curies":[{"name":"wp","href":"https:\/\/api.w.org\/{rel}","templated":true}]}}